{"id":913,"date":"2013-08-18T16:07:44","date_gmt":"2013-08-18T16:07:44","guid":{"rendered":"http:\/\/www.bouvoyages.net\/?page_id=913"},"modified":"2025-07-04T14:36:05","modified_gmt":"2025-07-04T14:36:05","slug":"43-aeroports-frequentes","status":"publish","type":"page","link":"http:\/\/www.bouvoyages.eu\/?page_id=913","title":{"rendered":"93 a\u00e9roports fr\u00e9quent\u00e9s dont 34 capitales"},"content":{"rendered":"\n<ol class=\"wp-block-list\">\n<li><strong>Amsterdam &#8211; Pays-Bas &#8211; AMS &#8211; Schiphol<\/strong><\/li>\n\n\n\n<li><strong>Ath\u00e8nes &#8211; Gr\u00e8ce &#8211; ATH &#8211; Elefth\u00e9rios-Veniz\u00e9los<\/strong><\/li>\n\n\n\n<li><strong>Bangkok &#8211; Thailande &#8211; BKK &#8211; Suvarnabhumi<\/strong><\/li>\n\n\n\n<li>Barcelone &#8211; Espagne &#8211; BCN &#8211; El Prat<\/li>\n\n\n\n<li>Bergen &#8211; Norv\u00e8ge &#8211; BGO &#8211;\u00a0Bergen lufthavn, Flesland<\/li>\n\n\n\n<li><strong>Berlin &#8211; Allemagne &#8211; BER &#8211; Berlin-Branderburg<\/strong><\/li>\n\n\n\n<li><strong><span style=\"color: #000000;\">Bucarest<\/span> &#8211; Roumanie &#8211; OTP &#8211;\u00a0Henri-Coand\u0103<\/strong><\/li>\n\n\n\n<li><strong>Budapest- Hongrie &#8211; BUD &#8211;\u00a0Ferenc Liszt<\/strong><\/li>\n\n\n\n<li><strong>Buenos Aires &#8211; Argentine &#8211; EZE &#8211; Ezeisa<\/strong><\/li>\n\n\n\n<li>Buenos Aires &#8211; Argentine &#8211; AEP &#8211; Jorge-Newbery<\/li>\n\n\n\n<li>Bologne &#8211; Italie &#8211; BLQ &#8211;\u00a0Guglielmo Marconi<\/li>\n\n\n\n<li>Boston &#8211; Usa &#8211; BOS &#8211; Boston-Logan<\/li>\n\n\n\n<li>Cancun &#8211; Mexique &#8211; CUN<\/li>\n\n\n\n<li><strong>Colombo &#8211; Sri Lanka &#8211; CMB &#8211;\u00a0Bandaranaike<\/strong><\/li>\n\n\n\n<li><strong>Copenhague &#8211; Danemark &#8211; CPH &#8211; Kastrup<\/strong><\/li>\n\n\n\n<li>Cusco &#8211; P\u00e9rou &#8211; CUZ &#8211;\u00a0Alejandro-Velasco-Astete<\/li>\n\n\n\n<li>Da Nang &#8211; Vietnam &#8211; DAD<\/li>\n\n\n\n<li>Dallas &#8211; Usa &#8211; DFW &#8211; Dallas-Fort Worth<\/li>\n\n\n\n<li>Denpasar &#8211; Indon\u00e9sie (Bali) &#8211; DPS &#8211; Ngurah Rai International Airport<\/li>\n\n\n\n<li><strong>Doha\u00a0&#8211; Qatar &#8211; DOH &#8211; Hamad<\/strong><\/li>\n\n\n\n<li><strong>Duba\u00ef &#8211; Emirats Arabes Unis &#8211; DXB<\/strong><\/li>\n\n\n\n<li><strong>Dublin &#8211; Irlande &#8211; DUB<\/strong><\/li>\n\n\n\n<li>Dubrovnik &#8211; Croatie &#8211; DBV<\/li>\n\n\n\n<li>Durban &#8211; Afrique du Sud &#8211; DUR<\/li>\n\n\n\n<li>Edimbourg &#8211; Angleterre (Ecosse) &#8211; EDI<\/li>\n\n\n\n<li>El Carafate &#8211; Argentine &#8211; FTE &#8211; Comandante Armando Tola<\/li>\n\n\n\n<li>Francfort &#8211; Allemagne &#8211; FRA &#8211; Francfort-sur-le-Main<\/li>\n\n\n\n<li>Funchal &#8211; Portugal (Mad\u00e8re) &#8211; FNC<\/li>\n\n\n\n<li>Iguazu &#8211; Argentine &#8211; IGU &#8211;\u00a0Cataratas<\/li>\n\n\n\n<li><strong>Ljubljana &#8211; Slov\u00e9nie &#8211; LJU &#8211; Jo\u017ee Pu\u010dnik<\/strong><\/li>\n\n\n\n<li>Maurice &#8211; Ile Maurice &#8211; MRU &#8211;\u00a0Sir-Seewoosagur-Ramgoolam<\/li>\n\n\n\n<li>Glasgow &#8211; Angleterre &#8211; Ecosse &#8211; GLA<\/li>\n\n\n\n<li><strong>Hanoi &#8211; Vietnam &#8211; HAN &#8211;\u00a0N\u1ed9i B\u00e0i<\/strong><\/li>\n\n\n\n<li>Heraklion &#8211; Gr\u00e8ce &#8211; HER &#8211;\u00a0N\u00edkos-Kazantz\u00e1kis<\/li>\n\n\n\n<li>Ho Chi Minh City\u00a0&#8211; Vietnam &#8211; SGN &#8211;\u00a0T\u00e2n S\u01a1n Nh\u1ea5t<\/li>\n\n\n\n<li>Hong Kong &#8211; Chine &#8211; HKG<\/li>\n\n\n\n<li>Gullin &#8211; Chine &#8211; KWL<\/li>\n\n\n\n<li>Innsbruck &#8211; Autriche &#8211; INN<\/li>\n\n\n\n<li>Ivalo &#8211; Finlande &#8211; IVL<\/li>\n\n\n\n<li>Johannesbourg &#8211; Afrique du Sud &#8211; JNB &#8211;\u00a0Oliver Reginald Tambo<\/li>\n\n\n\n<li>Kirkenes &#8211; Norv\u00e8ge &#8211; KKN &#8211;\u00a0Kirkenes-H\u00f8ybuktmoen<\/li>\n\n\n\n<li>Koh Samui &#8211; Thailande &#8211; USM<\/li>\n\n\n\n<li><strong>La Havane\u00a0&#8211; Cuba &#8211; HAV &#8211; Jos\u00e9 Marti<\/strong><\/li>\n\n\n\n<li><strong>La Valette &#8211; Malte &#8211; MLA &#8211; Luqa<\/strong><\/li>\n\n\n\n<li>Las Palmas Fuerteventura &#8211; Espagne &#8211; FUE &#8211; El Matorral<\/li>\n\n\n\n<li>Le Cap &#8211; Afrique du Sud &#8211; CPT<\/li>\n\n\n\n<li><strong>Lima\u00a0&#8211; P\u00e9rou &#8211; LIM &#8211; Jorge-Ch\u00e1vez<\/strong><\/li>\n\n\n\n<li><strong>Lisbonne &#8211; Portugal &#8211; LIS &#8211; Lisbonne-Portela<\/strong><\/li>\n\n\n\n<li><strong>Londres &#8211; Angleterre &#8211; LHR &#8211; Heathrow<\/strong><\/li>\n\n\n\n<li>Los Angeles &#8211; Usa &#8211; LAX<\/li>\n\n\n\n<li><strong>Madrid\u00a0&#8211; Espagne &#8211; MAD &#8211; Barajas<\/strong><\/li>\n\n\n\n<li>Malaga &#8211; Espagne &#8211; AGP &#8211;\u00a0Malaga-Costa del Sol<\/li>\n\n\n\n<li>Marrakech &#8211; Maroc &#8211; RAK &#8211;\u00a0Marrakech-M\u00e9nara<\/li>\n\n\n\n<li><strong>Mexico &#8211; Mexique &#8211; MEX<\/strong><\/li>\n\n\n\n<li>Milan &#8211; Italie &#8211; MXP &#8211; Malpensa<\/li>\n\n\n\n<li>Montr\u00e9al &#8211; Canada &#8211; YUL &#8211;\u00a0Pierre-Elliott-Trudeau de Montr\u00e9al<\/li>\n\n\n\n<li>Munich &#8211; Allemagne &#8211; MUC-\u00a0Franz-Josef-Strau\u00df<\/li>\n\n\n\n<li>Nice &#8211; France &#8211; NCE &#8211;\u00a0Nice-C\u00f4te d&rsquo;Azur<\/li>\n\n\n\n<li>Olbia &#8211; Italie &#8211; OLB &#8211;\u00a0Olbia-Costa Smeralda<\/li>\n\n\n\n<li>Osaka &#8211; Japon &#8211; KIX &#8211; Kansai<\/li>\n\n\n\n<li><strong>Oslo\u00a0&#8211; Norv\u00e8ge &#8211; OSL &#8211;\u00a0Oslo-Gardermoen<\/strong><\/li>\n\n\n\n<li>Page &#8211; Usa &#8211; PGA<\/li>\n\n\n\n<li>Palerme &#8211; Italie &#8211; PMO &#8211;\u00a0Falcone-Borsellino<\/li>\n\n\n\n<li><strong>Paris- France &#8211; CDG &#8211; Charles de Gaulle<\/strong><\/li>\n\n\n\n<li>Paris\u00a0&#8211; France &#8211; ORY &#8211; Orly<\/li>\n\n\n\n<li>Pau &#8211; France &#8211; PUF &#8211;\u00a0Pau-Pyr\u00e9n\u00e9es<\/li>\n\n\n\n<li><strong>P\u00e9kin &#8211; Chine &#8211; PEK &#8211; Beijing-Capital<\/strong><\/li>\n\n\n\n<li>Philadelphie &#8211; Usa &#8211; PHL<\/li>\n\n\n\n<li><strong>Phnom Penh\u00a0&#8211; Cambodge &#8211; Pnh<\/strong><\/li>\n\n\n\n<li>Ponta Delgada &#8211; Portugal &#8211; PDL &#8211; Jo\u00e3o Paulo II<\/li>\n\n\n\n<li><strong>Prague\u00a0&#8211; R\u00e9publique Tch\u00e8que &#8211; PRG &#8211;\u00a0Prague-V\u00e1clav-Havel<\/strong><\/li>\n\n\n\n<li>Qu\u00e9bec &#8211; Canada &#8211; YQB &#8211; Jean-Lesage<\/li>\n\n\n\n<li><strong>Reykavik\u00a0&#8211; Islande RKV<\/strong><\/li>\n\n\n\n<li>Rhodes &#8211; Gr\u00e8ce &#8211; RHO<\/li>\n\n\n\n<li><strong>Rome\u00a0&#8211; Italie &#8211; FCO &#8211; Fiumicino Leonardo da Vinci<\/strong><\/li>\n\n\n\n<li>Rovaniemi &#8211; Finlande &#8211; RVN<\/li>\n\n\n\n<li>Saint-Denis &#8211; R\u00e9union &#8211; France &#8211; RUN &#8211;\u00a0Roland Garros<\/li>\n\n\n\n<li>Saint-Petersbourg &#8211; Russie &#8211; LED &#8211;\u00a0Pulkovo<\/li>\n\n\n\n<li>San Francisco &#8211; Usa &#8211; SFO<\/li>\n\n\n\n<li><strong>San Jos\u00e9\u00a0&#8211; Costa Rica &#8211; SJO &#8211; Juan Santamar\u00eda<\/strong><\/li>\n\n\n\n<li>Santa Cruz de T\u00e9n\u00e9rife &#8211; Espagne &#8211; TFS &#8211; Reina Sofia<\/li>\n\n\n\n<li>Shanghai &#8211; Chine &#8211; PVG &#8211; Shanghai-Pudongz<\/li>\n\n\n\n<li>Siem Reap &#8211; Cambodge &#8211; REP &#8211;\u00a0Siem Reap-Angkor<\/li>\n\n\n\n<li><strong>Stockholm\u00a0&#8211; Su\u00e8de &#8211; ARN &#8211; ArlandaVIE<\/strong><\/li>\n\n\n\n<li><strong>Tallin\u00a0&#8211; Estonie &#8211; TLL &#8211; Tartu Maantee<\/strong><\/li>\n\n\n\n<li><strong>Tokyo\u00a0&#8211; Japon &#8211; NRT &#8211; Narita<\/strong><\/li>\n\n\n\n<li>Toronto &#8211; Canada &#8211; YTZ &#8211; Pearson<\/li>\n\n\n\n<li>Ushuaia &#8211; Argentine &#8211; USH &#8211; Malvinas Argentinas<\/li>\n\n\n\n<li>Venise &#8211; Italie &#8211; VCE &#8211; Marco-Polo<\/li>\n\n\n\n<li>Victoria Falls &#8211; Zimbabwe &#8211; VFA<\/li>\n\n\n\n<li><strong>Vienne\u00a0&#8211; Autriche &#8211; VIE &#8211; Schwechat<\/strong><\/li>\n\n\n\n<li><strong>Vilnius\u00a0&#8211; Lithuanie &#8211; VNO<\/strong><\/li>\n\n\n\n<li>Xi&rsquo;an &#8211; Chine &#8211; XIY<\/li>\n<\/ol>\n","protected":false},"excerpt":{"rendered":"","protected":false},"author":1,"featured_media":0,"parent":0,"menu_order":0,"comment_status":"closed","ping_status":"open","template":"","meta":{"footnotes":""},"class_list":["post-913","page","type-page","status-publish","hentry"],"jetpack_sharing_enabled":true,"_links":{"self":[{"href":"http:\/\/www.bouvoyages.eu\/index.php?rest_route=\/wp\/v2\/pages\/913","targetHints":{"allow":["GET"]}}],"collection":[{"href":"http:\/\/www.bouvoyages.eu\/index.php?rest_route=\/wp\/v2\/pages"}],"about":[{"href":"http:\/\/www.bouvoyages.eu\/index.php?rest_route=\/wp\/v2\/types\/page"}],"author":[{"embeddable":true,"href":"http:\/\/www.bouvoyages.eu\/index.php?rest_route=\/wp\/v2\/users\/1"}],"replies":[{"embeddable":true,"href":"http:\/\/www.bouvoyages.eu\/index.php?rest_route=%2Fwp%2Fv2%2Fcomments&post=913"}],"version-history":[{"count":74,"href":"http:\/\/www.bouvoyages.eu\/index.php?rest_route=\/wp\/v2\/pages\/913\/revisions"}],"predecessor-version":[{"id":15402,"href":"http:\/\/www.bouvoyages.eu\/index.php?rest_route=\/wp\/v2\/pages\/913\/revisions\/15402"}],"wp:attachment":[{"href":"http:\/\/www.bouvoyages.eu\/index.php?rest_route=%2Fwp%2Fv2%2Fmedia&parent=913"}],"curies":[{"name":"wp","href":"https:\/\/api.w.org\/{rel}","templated":true}]}}